{"id":56,"date":"2021-04-11T07:37:25","date_gmt":"2021-04-11T07:37:25","guid":{"rendered":"https:\/\/ronixtools.com\/tr\/blog\/?page_id=56"},"modified":"2021-04-21T11:45:08","modified_gmt":"2021-04-21T11:45:08","slug":"home","status":"publish","type":"page","link":"https:\/\/ronixtools.com\/tr\/blog\/home\/","title":{"rendered":"home"},"content":{"rendered":"<p><a href=\"https:\/\/ronixtools.com\/tr\/blog\/ergonomik-kirici\/\" title=\"Binan\u0131z\u0131n Elektrik tesisat\u0131n\u0131 bu ergonomik k\u0131r\u0131c\u0131 ile yenileyin.\" style=\"background-image: url(https:\/\/ronixtools.com\/tr\/blog\/wp-content\/uploads\/2021\/04\/Ergonomik-kirici-ile.jpg)\"><br \/>\n  \t\t\t\t<\/a><br \/>\n\t\t\t\t<a href=\"https:\/\/ronixtools.com\/tr\/blog\/hafif-kirici-ile-dekorasyon-degisimi\/\" title=\"Hafif k\u0131r\u0131c\u0131 aletiyle evin \u015fekli ve yap\u0131s\u0131n\u0131 nas\u0131l de\u011fi\u015firebilirim?\" style=\"background-image: url(https:\/\/ronixtools.com\/tr\/blog\/wp-content\/uploads\/2021\/04\/Hafif-Kirici-ile-002.jpg)\"><br \/>\n  \t\t\t\t<\/a><br \/>\n\t\t\t\t\t\t\tSon Postalar<br \/>\n\t\t\t\t\t\t\tNas\u0131l<br \/>\n                    <img decoding=\"async\" width=\"601\" height=\"400\" src=\"https:\/\/ronixtools.com\/tr\/blog\/wp-content\/uploads\/2021\/04\/Ergonomik-kirici-ile.jpg\" alt=\"ronix\" loading=\"lazy\" \/>                    <\/p>\n<h3>\n            <a href=\"https:\/\/ronixtools.com\/tr\/blog\/ergonomik-kirici\/\"><br \/>\n                Binan\u0131z\u0131n Elektrik tesisat\u0131n\u0131 bu ergonomik k\u0131r\u0131c\u0131 ile yenileyin.            <\/a><br \/>\n            <\/h3>\n<p>\t\t\tApril 21, 2021<br \/>\n\t\t\tNo Comments<\/p>\n<p>Ergonomik K\u0131r\u0131c\u0131 g\u00fcc\u00fc ve boyutunun \u00f6nemi\u00d6ncelikle biraz ergonomik K\u0131r\u0131c\u0131 nas\u0131l<\/p>\n<p>                    <img decoding=\"async\" width=\"600\" height=\"400\" src=\"https:\/\/ronixtools.com\/tr\/blog\/wp-content\/uploads\/2021\/04\/Hafif-Kirici-ile-002.jpg\" alt=\"Hafif K\u0131r\u0131c\u0131 ile ron\u0131x\" loading=\"lazy\" \/>                    <\/p>\n<h3>\n            <a href=\"https:\/\/ronixtools.com\/tr\/blog\/hafif-kirici-ile-dekorasyon-degisimi\/\"><br \/>\n                Hafif k\u0131r\u0131c\u0131 aletiyle evin \u015fekli ve yap\u0131s\u0131n\u0131 nas\u0131l de\u011fi\u015firebilirim?            <\/a><br \/>\n            <\/h3>\n<p>\t\t\tApril 19, 2021<br \/>\n\t\t\tNo Comments<\/p>\n<p>Bir evi de\u011fi\u015ftirmenin ve ya binay\u0131 yenilemenin ilk ad\u0131m\u0131 onu<\/p>\n<p>                        <a href=\"\"><br \/>\n                        <\/a><br \/>\n                        <a href=\"\"><br \/>\n                        <\/a><br \/>\n\t\t\t\t\t\t\tMeslekler<br \/>\n\t\t\t\t\t\t\tEvde kendin yap<br \/>\n\t\t\t\t\t\t\tAlet incelemeleri<br \/>\n\t\t\t\t\t\t\tRonix Blog<\/p>\n<p>Aletlerle \u0130lgili Bloglar\u0131 Okumakla \u0130lgileniyor musunuz? Ronix blog sayfas\u0131, blog okuma iste\u011finizi tatmin edebilecek Tarih\u00e7e, evde kendin yap, Meslekler ve Nas\u0131l Kullan\u0131l\u0131r makaleleri gibi farkl\u0131 konulara sahip bir\u00e7ok blog i\u00e7erir. Ronix, bilgi d\u00fczeylerini art\u0131rmak ve yeni bir \u015feyler \u00f6\u011frenmelerine yard\u0131mc\u0131 olmak i\u00e7in kullan\u0131c\u0131lara s\u00fcrekli olarak farkl\u0131 alanlarda \u00e7e\u015fitli bloglar sunar.<\/p>\n<p>Alet veya markalar\u0131n ge\u00e7mi\u015fi, evde kendin yap projeleri, meslekler, farkl\u0131 ara\u00e7 ve cihazlar\u0131 nas\u0131l kullanaca\u011f\u0131n\u0131z hakk\u0131nda yeni bilgiler i\u00e7in merakl\u0131ysan\u0131z, Ronix blog listesine bir g\u00f6z at\u0131n. Yeni \u015feyler \u00f6\u011frenirken e\u011flenmek de isteyebilirsiniz. Ronix bilgilendirici ve yarat\u0131c\u0131 makaleler merak\u0131n\u0131z\u0131 ve ihtiya\u00e7lar\u0131n\u0131z\u0131 yan\u0131tl\u0131yor.<\/p>\n<p>\u0130nsanlar ayr\u0131ca sekt\u00f6rlerindeki en son trendler hakk\u0131nda bilgi edinmek i\u00e7in bloglar\u0131 okur; Alet end\u00fcstrisinde faaliyet g\u00f6steriyorsan\u0131z, Ronix ilginize g\u00f6re bir\u00e7ok end\u00fcstri temal\u0131 blog geli\u015ftirmi\u015ftir.\u00a0Bu sayfadaki ana hedefimiz, hevesli insanlara yeni ve \u00f6zel bir \u015fey \u00f6\u011fretmek ve onlar\u0131 bilgilendirerek ayn\u0131 anda kullan\u0131c\u0131lar\u0131 e\u011flendirmektir.\u00a0Bloglar\u0131m\u0131zda size uygulamal\u0131 bilgi sa\u011flamaya \u00e7al\u0131\u015ft\u0131k. Ronix bloglar\u0131nda merak\u0131n\u0131z\u0131 giderecek \u00e7e\u015fitli g\u00f6r\u00fc\u015fler g\u00f6rebilirsiniz.<\/p>\n","protected":false},"excerpt":{"rendered":"<p>Son Postalar Nas\u0131l Binan\u0131z\u0131n Elektrik tesisat\u0131n\u0131 bu ergonomik k\u0131r\u0131c\u0131 ile yenileyin. April 21, 2021 No Comments Ergonomik K\u0131r\u0131c\u0131 g\u00fcc\u00fc ve boyutunun \u00f6nemi\u00d6ncelikle biraz ergonomik K\u0131r\u0131c\u0131 nas\u0131l Hafif k\u0131r\u0131c\u0131 aletiyle evin \u015fekli ve yap\u0131s\u0131n\u0131 nas\u0131l de\u011fi\u015firebilirim? April 19, 2021 No Comments Bir evi de\u011fi\u015ftirmenin ve ya binay\u0131 yenilemenin ilk ad\u0131m\u0131 onu Meslekler Evde kendin yap Alet [&hellip;]<\/p>\n","protected":false},"author":21,"featured_media":0,"parent":0,"menu_order":0,"comment_status":"closed","ping_status":"closed","template":"elementor_header_footer","meta":{"footnotes":""},"class_list":["post-56","page","type-page","status-publish","hentry"],"yoast_head":"<!-- This site is optimized with the Yoast SEO Premium plugin v20.11 (Yoast SEO v26.9) - https:\/\/yoast.com\/product\/yoast-seo-premium-wordpress\/ -->\n<title>home - Ronix Blog<\/title>\n<meta name=\"robots\" content=\"index, follow, max-snippet:-1, max-image-preview:large, max-video-preview:-1\" \/>\n<link rel=\"canonical\" href=\"https:\/\/ronixtools.com\/tr\/blog\/home\/\" \/>\n<meta property=\"og:locale\" content=\"en_US\" \/>\n<meta property=\"og:type\" content=\"article\" \/>\n<meta property=\"og:title\" content=\"home\" \/>\n<meta property=\"og:description\" content=\"Son Postalar Nas\u0131l Binan\u0131z\u0131n Elektrik tesisat\u0131n\u0131 bu ergonomik k\u0131r\u0131c\u0131 ile yenileyin. April 21, 2021 No Comments Ergonomik K\u0131r\u0131c\u0131 g\u00fcc\u00fc ve boyutunun \u00f6nemi\u00d6ncelikle biraz ergonomik K\u0131r\u0131c\u0131 nas\u0131l Hafif k\u0131r\u0131c\u0131 aletiyle evin \u015fekli ve yap\u0131s\u0131n\u0131 nas\u0131l de\u011fi\u015firebilirim? April 19, 2021 No Comments Bir evi de\u011fi\u015ftirmenin ve ya binay\u0131 yenilemenin ilk ad\u0131m\u0131 onu Meslekler Evde kendin yap Alet [&hellip;]\" \/>\n<meta property=\"og:url\" content=\"https:\/\/ronixtools.com\/tr\/blog\/home\/\" \/>\n<meta property=\"og:site_name\" content=\"Ronix Blog\" \/>\n<meta property=\"article:modified_time\" content=\"2021-04-21T11:45:08+00:00\" \/>\n<meta property=\"og:image\" content=\"https:\/\/ronixtools.com\/tr\/blog\/wp-content\/uploads\/2021\/04\/Ergonomik-kirici-ile.jpg\" \/>\n<meta name=\"twitter:card\" content=\"summary_large_image\" \/>\n<meta name=\"twitter:label1\" content=\"Est. reading time\" \/>\n\t<meta name=\"twitter:data1\" content=\"1 minute\" \/>\n<script type=\"application\/ld+json\" class=\"yoast-schema-graph\">{\"@context\":\"https:\/\/schema.org\",\"@graph\":[{\"@type\":\"WebPage\",\"@id\":\"https:\/\/ronixtools.com\/tr\/blog\/home\/\",\"url\":\"https:\/\/ronixtools.com\/tr\/blog\/home\/\",\"name\":\"home - Ronix Blog\",\"isPartOf\":{\"@id\":\"https:\/\/ronixtools.com\/tr\/blog\/#website\"},\"primaryImageOfPage\":{\"@id\":\"https:\/\/ronixtools.com\/tr\/blog\/home\/#primaryimage\"},\"image\":{\"@id\":\"https:\/\/ronixtools.com\/tr\/blog\/home\/#primaryimage\"},\"thumbnailUrl\":\"https:\/\/ronixtools.com\/tr\/blog\/wp-content\/uploads\/2021\/04\/Ergonomik-kirici-ile.jpg\",\"datePublished\":\"2021-04-11T07:37:25+00:00\",\"dateModified\":\"2021-04-21T11:45:08+00:00\",\"breadcrumb\":{\"@id\":\"https:\/\/ronixtools.com\/tr\/blog\/home\/#breadcrumb\"},\"inLanguage\":\"en-US\",\"potentialAction\":[{\"@type\":\"ReadAction\",\"target\":[\"https:\/\/ronixtools.com\/tr\/blog\/home\/\"]}]},{\"@type\":\"ImageObject\",\"inLanguage\":\"en-US\",\"@id\":\"https:\/\/ronixtools.com\/tr\/blog\/home\/#primaryimage\",\"url\":\"https:\/\/ronixtools.com\/tr\/blog\/wp-content\/uploads\/2021\/04\/Ergonomik-kirici-ile.jpg\",\"contentUrl\":\"https:\/\/ronixtools.com\/tr\/blog\/wp-content\/uploads\/2021\/04\/Ergonomik-kirici-ile.jpg\",\"width\":601,\"height\":400,\"caption\":\"ronix\"},{\"@type\":\"BreadcrumbList\",\"@id\":\"https:\/\/ronixtools.com\/tr\/blog\/home\/#breadcrumb\",\"itemListElement\":[{\"@type\":\"ListItem\",\"position\":1,\"name\":\"Home\",\"item\":\"https:\/\/ronixtools.com\/tr\/blog\/\"},{\"@type\":\"ListItem\",\"position\":2,\"name\":\"home\"}]},{\"@type\":\"WebSite\",\"@id\":\"https:\/\/ronixtools.com\/tr\/blog\/#website\",\"url\":\"https:\/\/ronixtools.com\/tr\/blog\/\",\"name\":\"Ronix Blog\",\"description\":\"Ronix Blog | Professinal tool reviews|Power Tools| Hand Tools| Cordless Tools\",\"potentialAction\":[{\"@type\":\"SearchAction\",\"target\":{\"@type\":\"EntryPoint\",\"urlTemplate\":\"https:\/\/ronixtools.com\/tr\/blog\/?s={search_term_string}\"},\"query-input\":{\"@type\":\"PropertyValueSpecification\",\"valueRequired\":true,\"valueName\":\"search_term_string\"}}],\"inLanguage\":\"en-US\"}]}<\/script>\n<!-- \/ Yoast SEO Premium plugin. -->","yoast_head_json":{"title":"home - Ronix Blog","robots":{"index":"index","follow":"follow","max-snippet":"max-snippet:-1","max-image-preview":"max-image-preview:large","max-video-preview":"max-video-preview:-1"},"canonical":"https:\/\/ronixtools.com\/tr\/blog\/home\/","og_locale":"en_US","og_type":"article","og_title":"home","og_description":"Son Postalar Nas\u0131l Binan\u0131z\u0131n Elektrik tesisat\u0131n\u0131 bu ergonomik k\u0131r\u0131c\u0131 ile yenileyin. April 21, 2021 No Comments Ergonomik K\u0131r\u0131c\u0131 g\u00fcc\u00fc ve boyutunun \u00f6nemi\u00d6ncelikle biraz ergonomik K\u0131r\u0131c\u0131 nas\u0131l Hafif k\u0131r\u0131c\u0131 aletiyle evin \u015fekli ve yap\u0131s\u0131n\u0131 nas\u0131l de\u011fi\u015firebilirim? April 19, 2021 No Comments Bir evi de\u011fi\u015ftirmenin ve ya binay\u0131 yenilemenin ilk ad\u0131m\u0131 onu Meslekler Evde kendin yap Alet [&hellip;]","og_url":"https:\/\/ronixtools.com\/tr\/blog\/home\/","og_site_name":"Ronix Blog","article_modified_time":"2021-04-21T11:45:08+00:00","og_image":[{"url":"https:\/\/ronixtools.com\/tr\/blog\/wp-content\/uploads\/2021\/04\/Ergonomik-kirici-ile.jpg","type":"","width":"","height":""}],"twitter_card":"summary_large_image","twitter_misc":{"Est. reading time":"1 minute"},"schema":{"@context":"https:\/\/schema.org","@graph":[{"@type":"WebPage","@id":"https:\/\/ronixtools.com\/tr\/blog\/home\/","url":"https:\/\/ronixtools.com\/tr\/blog\/home\/","name":"home - Ronix Blog","isPartOf":{"@id":"https:\/\/ronixtools.com\/tr\/blog\/#website"},"primaryImageOfPage":{"@id":"https:\/\/ronixtools.com\/tr\/blog\/home\/#primaryimage"},"image":{"@id":"https:\/\/ronixtools.com\/tr\/blog\/home\/#primaryimage"},"thumbnailUrl":"https:\/\/ronixtools.com\/tr\/blog\/wp-content\/uploads\/2021\/04\/Ergonomik-kirici-ile.jpg","datePublished":"2021-04-11T07:37:25+00:00","dateModified":"2021-04-21T11:45:08+00:00","breadcrumb":{"@id":"https:\/\/ronixtools.com\/tr\/blog\/home\/#breadcrumb"},"inLanguage":"en-US","potentialAction":[{"@type":"ReadAction","target":["https:\/\/ronixtools.com\/tr\/blog\/home\/"]}]},{"@type":"ImageObject","inLanguage":"en-US","@id":"https:\/\/ronixtools.com\/tr\/blog\/home\/#primaryimage","url":"https:\/\/ronixtools.com\/tr\/blog\/wp-content\/uploads\/2021\/04\/Ergonomik-kirici-ile.jpg","contentUrl":"https:\/\/ronixtools.com\/tr\/blog\/wp-content\/uploads\/2021\/04\/Ergonomik-kirici-ile.jpg","width":601,"height":400,"caption":"ronix"},{"@type":"BreadcrumbList","@id":"https:\/\/ronixtools.com\/tr\/blog\/home\/#breadcrumb","itemListElement":[{"@type":"ListItem","position":1,"name":"Home","item":"https:\/\/ronixtools.com\/tr\/blog\/"},{"@type":"ListItem","position":2,"name":"home"}]},{"@type":"WebSite","@id":"https:\/\/ronixtools.com\/tr\/blog\/#website","url":"https:\/\/ronixtools.com\/tr\/blog\/","name":"Ronix Blog","description":"Ronix Blog | Professinal tool reviews|Power Tools| Hand Tools| Cordless Tools","potentialAction":[{"@type":"SearchAction","target":{"@type":"EntryPoint","urlTemplate":"https:\/\/ronixtools.com\/tr\/blog\/?s={search_term_string}"},"query-input":{"@type":"PropertyValueSpecification","valueRequired":true,"valueName":"search_term_string"}}],"inLanguage":"en-US"}]}},"_links":{"self":[{"href":"https:\/\/ronixtools.com\/tr\/blog\/wp-json\/wp\/v2\/pages\/56","targetHints":{"allow":["GET"]}}],"collection":[{"href":"https:\/\/ronixtools.com\/tr\/blog\/wp-json\/wp\/v2\/pages"}],"about":[{"href":"https:\/\/ronixtools.com\/tr\/blog\/wp-json\/wp\/v2\/types\/page"}],"author":[{"embeddable":true,"href":"https:\/\/ronixtools.com\/tr\/blog\/wp-json\/wp\/v2\/users\/21"}],"replies":[{"embeddable":true,"href":"https:\/\/ronixtools.com\/tr\/blog\/wp-json\/wp\/v2\/comments?post=56"}],"version-history":[{"count":16,"href":"https:\/\/ronixtools.com\/tr\/blog\/wp-json\/wp\/v2\/pages\/56\/revisions"}],"predecessor-version":[{"id":198,"href":"https:\/\/ronixtools.com\/tr\/blog\/wp-json\/wp\/v2\/pages\/56\/revisions\/198"}],"wp:attachment":[{"href":"https:\/\/ronixtools.com\/tr\/blog\/wp-json\/wp\/v2\/media?parent=56"}],"curies":[{"name":"wp","href":"https:\/\/api.w.org\/{rel}","templated":true}]}}